{"id":2713,"date":"2022-12-01T09:59:51","date_gmt":"2022-12-01T09:59:51","guid":{"rendered":"https:\/\/www.hotel-lesfauvettes.com\/produit\/double-room-with-balcony\/"},"modified":"2026-01-21T10:12:44","modified_gmt":"2026-01-21T10:12:44","slug":"room-double-with-balcony","status":"publish","type":"product","link":"https:\/\/www.hotel-lesfauvettes.com\/en\/produit\/room-double-with-balcony\/","title":{"rendered":"Double room (2 people)"},"content":{"rendered":"<p><strong>Package prices :<\/strong><br \/>\n&#8211; Breakfast formula :<br \/>\nAdults and children 12 years and older: 10 \u20ac\/pers<br \/>\nChildren under 12 years old : 6 \u20ac\/pers<\/p>\n<p>&#8211; Half board formula :<br \/>\nAdults and children 12 years and older: 30,50 \u20ac\/pers<br \/>\nChildren under 12 years old : 17.50\u20ac\/pers<\/p>\n<p><strong>Visitor&#8217;s tax :<\/strong> 0.99 \u20ac\/persons of age and per day<\/p>\n<div id=\"gtx-trans\" style=\"position: absolute; left: -10px; top: 192px;\">\n<div class=\"gtx-trans-icon\"><\/div>\n<\/div>\n","protected":false},"excerpt":{"rendered":"<p>For a romantic stay or with friends, take advantage of our double rooms with balcony for a view on the mountains.<\/p>\n<p>Bed 140<\/p>\n","protected":false},"featured_media":2714,"template":"","meta":{"ocean_post_layout":"full-width","ocean_both_sidebars_style":"","ocean_both_sidebars_content_width":0,"ocean_both_sidebars_sidebars_width":0,"ocean_sidebar":"0","ocean_second_sidebar":"0","ocean_disable_margins":"enable","ocean_add_body_class":"","ocean_shortcode_before_top_bar":"","ocean_shortcode_after_top_bar":"","ocean_shortcode_before_header":"","ocean_shortcode_after_header":"","ocean_has_shortcode":"","ocean_shortcode_after_title":"","ocean_shortcode_before_footer_widgets":"","ocean_shortcode_after_footer_widgets":"","ocean_shortcode_before_footer_bottom":"","ocean_shortcode_after_footer_bottom":"","ocean_display_top_bar":"default","ocean_display_header":"default","ocean_header_style":"","ocean_center_header_left_menu":"0","ocean_custom_header_template":"0","ocean_custom_logo":0,"ocean_custom_retina_logo":0,"ocean_custom_logo_max_width":0,"ocean_custom_logo_tablet_max_width":0,"ocean_custom_logo_mobile_max_width":0,"ocean_custom_logo_max_height":0,"ocean_custom_logo_tablet_max_height":0,"ocean_custom_logo_mobile_max_height":0,"ocean_header_custom_menu":"0","ocean_menu_typo_font_family":"0","ocean_menu_typo_font_subset":"","ocean_menu_typo_font_size":0,"ocean_menu_typo_font_size_tablet":0,"ocean_menu_typo_font_size_mobile":0,"ocean_menu_typo_font_size_unit":"px","ocean_menu_typo_font_weight":"","ocean_menu_typo_font_weight_tablet":"","ocean_menu_typo_font_weight_mobile":"","ocean_menu_typo_transform":"","ocean_menu_typo_transform_tablet":"","ocean_menu_typo_transform_mobile":"","ocean_menu_typo_line_height":0,"ocean_menu_typo_line_height_tablet":0,"ocean_menu_typo_line_height_mobile":0,"ocean_menu_typo_line_height_unit":"","ocean_menu_typo_spacing":0,"ocean_menu_typo_spacing_tablet":0,"ocean_menu_typo_spacing_mobile":0,"ocean_menu_typo_spacing_unit":"","ocean_menu_link_color":"","ocean_menu_link_color_hover":"","ocean_menu_link_color_active":"","ocean_menu_link_background":"","ocean_menu_link_hover_background":"","ocean_menu_link_active_background":"","ocean_menu_social_links_bg":"","ocean_menu_social_hover_links_bg":"","ocean_menu_social_links_color":"","ocean_menu_social_hover_links_color":"","ocean_disable_title":"default","ocean_disable_heading":"default","ocean_post_title":"","ocean_post_subheading":"","ocean_post_title_style":"","ocean_post_title_background_color":"","ocean_post_title_background":0,"ocean_post_title_bg_image_position":"","ocean_post_title_bg_image_attachment":"","ocean_post_title_bg_image_repeat":"","ocean_post_title_bg_image_size":"","ocean_post_title_height":0,"ocean_post_title_bg_overlay":0.5,"ocean_post_title_bg_overlay_color":"","ocean_disable_breadcrumbs":"default","ocean_breadcrumbs_color":"","ocean_breadcrumbs_separator_color":"","ocean_breadcrumbs_links_color":"","ocean_breadcrumbs_links_hover_color":"","ocean_display_footer_widgets":"default","ocean_display_footer_bottom":"default","ocean_custom_footer_template":"0"},"product_brand":[],"product_cat":[71],"product_tag":[],"class_list":{"0":"post-2713","1":"product","2":"type-product","3":"status-publish","4":"has-post-thumbnail","6":"product_cat-not-classified","8":"entry","9":"has-media","11":"first","12":"instock","13":"virtual","14":"sold-individually","15":"taxable","16":"purchasable","17":"product-type-booking","18":"has-product-nav","19":"col","20":"span_1_of_3","21":"owp-content-center","22":"owp-thumbs-layout-horizontal","23":"owp-btn-normal","24":"owp-tabs-layout-horizontal","25":"has-no-thumbnails"},"yoast_head":"<!-- This site is optimized with the Yoast SEO plugin v27.2 - https:\/\/yoast.com\/product\/yoast-seo-wordpress\/ -->\n<title>Double room (2 people) - H\u00f4tel Les Fauvettes - Bar Restaurant le F \u00e0 Saint L\u00e9ger les M\u00e9l\u00e8zes dans les Hautes-Alpes<\/title>\n<meta name=\"robots\" content=\"index, follow, max-snippet:-1, max-image-preview:large, max-video-preview:-1\" \/>\n<link rel=\"canonical\" href=\"https:\/\/www.hotel-lesfauvettes.com\/en\/produit\/room-double-with-balcony\/\" \/>\n<meta property=\"og:locale\" content=\"en_US\" \/>\n<meta property=\"og:type\" content=\"article\" \/>\n<meta property=\"og:title\" content=\"Double room (2 people) - H\u00f4tel Les Fauvettes - Bar Restaurant le F \u00e0 Saint L\u00e9ger les M\u00e9l\u00e8zes dans les Hautes-Alpes\" \/>\n<meta property=\"og:description\" content=\"For a romantic stay or with friends, take advantage of our double rooms with balcony for a view on the mountains.  Bed 140\" \/>\n<meta property=\"og:url\" content=\"https:\/\/www.hotel-lesfauvettes.com\/en\/produit\/room-double-with-balcony\/\" \/>\n<meta property=\"og:site_name\" content=\"H\u00f4tel Les Fauvettes - Bar Restaurant le F \u00e0 Saint L\u00e9ger les M\u00e9l\u00e8zes dans les Hautes-Alpes\" \/>\n<meta property=\"article:modified_time\" content=\"2026-01-21T10:12:44+00:00\" \/>\n<meta property=\"og:image\" content=\"https:\/\/www.hotel-lesfauvettes.com\/wp-content\/uploads\/2022\/12\/Chambre-double.jpg\" \/>\n\t<meta property=\"og:image:width\" content=\"800\" \/>\n\t<meta property=\"og:image:height\" content=\"800\" \/>\n\t<meta property=\"og:image:type\" content=\"image\/jpeg\" \/>\n<meta name=\"twitter:card\" content=\"summary_large_image\" \/>\n<meta name=\"twitter:label1\" content=\"Est. reading time\" \/>\n\t<meta name=\"twitter:data1\" content=\"1 minute\" \/>\n<script type=\"application\/ld+json\" class=\"yoast-schema-graph\">{\"@context\":\"https:\/\/schema.org\",\"@graph\":[{\"@type\":\"WebPage\",\"@id\":\"https:\/\/www.hotel-lesfauvettes.com\/en\/produit\/room-double-with-balcony\/\",\"url\":\"https:\/\/www.hotel-lesfauvettes.com\/en\/produit\/room-double-with-balcony\/\",\"name\":\"Double room (2 people) - H\u00f4tel Les Fauvettes - Bar Restaurant le F \u00e0 Saint L\u00e9ger les M\u00e9l\u00e8zes dans les Hautes-Alpes\",\"isPartOf\":{\"@id\":\"https:\/\/www.hotel-lesfauvettes.com\/en\/#website\"},\"primaryImageOfPage\":{\"@id\":\"https:\/\/www.hotel-lesfauvettes.com\/en\/produit\/room-double-with-balcony\/#primaryimage\"},\"image\":{\"@id\":\"https:\/\/www.hotel-lesfauvettes.com\/en\/produit\/room-double-with-balcony\/#primaryimage\"},\"thumbnailUrl\":\"https:\/\/www.hotel-lesfauvettes.com\/wp-content\/uploads\/2022\/12\/Chambre-double.jpg\",\"datePublished\":\"2022-12-01T09:59:51+00:00\",\"dateModified\":\"2026-01-21T10:12:44+00:00\",\"breadcrumb\":{\"@id\":\"https:\/\/www.hotel-lesfauvettes.com\/en\/produit\/room-double-with-balcony\/#breadcrumb\"},\"inLanguage\":\"en-US\",\"potentialAction\":[{\"@type\":\"ReadAction\",\"target\":[\"https:\/\/www.hotel-lesfauvettes.com\/en\/produit\/room-double-with-balcony\/\"]}]},{\"@type\":\"ImageObject\",\"inLanguage\":\"en-US\",\"@id\":\"https:\/\/www.hotel-lesfauvettes.com\/en\/produit\/room-double-with-balcony\/#primaryimage\",\"url\":\"https:\/\/www.hotel-lesfauvettes.com\/wp-content\/uploads\/2022\/12\/Chambre-double.jpg\",\"contentUrl\":\"https:\/\/www.hotel-lesfauvettes.com\/wp-content\/uploads\/2022\/12\/Chambre-double.jpg\",\"width\":800,\"height\":800},{\"@type\":\"BreadcrumbList\",\"@id\":\"https:\/\/www.hotel-lesfauvettes.com\/en\/produit\/room-double-with-balcony\/#breadcrumb\",\"itemListElement\":[{\"@type\":\"ListItem\",\"position\":1,\"name\":\"Accueil\",\"item\":\"https:\/\/www.hotel-lesfauvettes.com\/en\/home-2\/\"},{\"@type\":\"ListItem\",\"position\":2,\"name\":\"Store\",\"item\":\"https:\/\/www.hotel-lesfauvettes.com\/en\/store\/\"},{\"@type\":\"ListItem\",\"position\":3,\"name\":\"Double room (2 people)\"}]},{\"@type\":\"WebSite\",\"@id\":\"https:\/\/www.hotel-lesfauvettes.com\/en\/#website\",\"url\":\"https:\/\/www.hotel-lesfauvettes.com\/en\/\",\"name\":\"H\u00f4tel Les Fauvettes - Bar Restaurant le F \u00e0 Saint L\u00e9ger les M\u00e9l\u00e8zes dans les Hautes-Alpes\",\"description\":\"H\u00f4tel Restaurant aux pieds des Hautes-Alpes\",\"potentialAction\":[{\"@type\":\"SearchAction\",\"target\":{\"@type\":\"EntryPoint\",\"urlTemplate\":\"https:\/\/www.hotel-lesfauvettes.com\/en\/?s={search_term_string}\"},\"query-input\":{\"@type\":\"PropertyValueSpecification\",\"valueRequired\":true,\"valueName\":\"search_term_string\"}}],\"inLanguage\":\"en-US\"}]}<\/script>\n<!-- \/ Yoast SEO plugin. -->","yoast_head_json":{"title":"Double room (2 people) - H\u00f4tel Les Fauvettes - Bar Restaurant le F \u00e0 Saint L\u00e9ger les M\u00e9l\u00e8zes dans les Hautes-Alpes","robots":{"index":"index","follow":"follow","max-snippet":"max-snippet:-1","max-image-preview":"max-image-preview:large","max-video-preview":"max-video-preview:-1"},"canonical":"https:\/\/www.hotel-lesfauvettes.com\/en\/produit\/room-double-with-balcony\/","og_locale":"en_US","og_type":"article","og_title":"Double room (2 people) - H\u00f4tel Les Fauvettes - Bar Restaurant le F \u00e0 Saint L\u00e9ger les M\u00e9l\u00e8zes dans les Hautes-Alpes","og_description":"For a romantic stay or with friends, take advantage of our double rooms with balcony for a view on the mountains.  Bed 140","og_url":"https:\/\/www.hotel-lesfauvettes.com\/en\/produit\/room-double-with-balcony\/","og_site_name":"H\u00f4tel Les Fauvettes - Bar Restaurant le F \u00e0 Saint L\u00e9ger les M\u00e9l\u00e8zes dans les Hautes-Alpes","article_modified_time":"2026-01-21T10:12:44+00:00","og_image":[{"width":800,"height":800,"url":"https:\/\/www.hotel-lesfauvettes.com\/wp-content\/uploads\/2022\/12\/Chambre-double.jpg","type":"image\/jpeg"}],"twitter_card":"summary_large_image","twitter_misc":{"Est. reading time":"1 minute"},"schema":{"@context":"https:\/\/schema.org","@graph":[{"@type":"WebPage","@id":"https:\/\/www.hotel-lesfauvettes.com\/en\/produit\/room-double-with-balcony\/","url":"https:\/\/www.hotel-lesfauvettes.com\/en\/produit\/room-double-with-balcony\/","name":"Double room (2 people) - H\u00f4tel Les Fauvettes - Bar Restaurant le F \u00e0 Saint L\u00e9ger les M\u00e9l\u00e8zes dans les Hautes-Alpes","isPartOf":{"@id":"https:\/\/www.hotel-lesfauvettes.com\/en\/#website"},"primaryImageOfPage":{"@id":"https:\/\/www.hotel-lesfauvettes.com\/en\/produit\/room-double-with-balcony\/#primaryimage"},"image":{"@id":"https:\/\/www.hotel-lesfauvettes.com\/en\/produit\/room-double-with-balcony\/#primaryimage"},"thumbnailUrl":"https:\/\/www.hotel-lesfauvettes.com\/wp-content\/uploads\/2022\/12\/Chambre-double.jpg","datePublished":"2022-12-01T09:59:51+00:00","dateModified":"2026-01-21T10:12:44+00:00","breadcrumb":{"@id":"https:\/\/www.hotel-lesfauvettes.com\/en\/produit\/room-double-with-balcony\/#breadcrumb"},"inLanguage":"en-US","potentialAction":[{"@type":"ReadAction","target":["https:\/\/www.hotel-lesfauvettes.com\/en\/produit\/room-double-with-balcony\/"]}]},{"@type":"ImageObject","inLanguage":"en-US","@id":"https:\/\/www.hotel-lesfauvettes.com\/en\/produit\/room-double-with-balcony\/#primaryimage","url":"https:\/\/www.hotel-lesfauvettes.com\/wp-content\/uploads\/2022\/12\/Chambre-double.jpg","contentUrl":"https:\/\/www.hotel-lesfauvettes.com\/wp-content\/uploads\/2022\/12\/Chambre-double.jpg","width":800,"height":800},{"@type":"BreadcrumbList","@id":"https:\/\/www.hotel-lesfauvettes.com\/en\/produit\/room-double-with-balcony\/#breadcrumb","itemListElement":[{"@type":"ListItem","position":1,"name":"Accueil","item":"https:\/\/www.hotel-lesfauvettes.com\/en\/home-2\/"},{"@type":"ListItem","position":2,"name":"Store","item":"https:\/\/www.hotel-lesfauvettes.com\/en\/store\/"},{"@type":"ListItem","position":3,"name":"Double room (2 people)"}]},{"@type":"WebSite","@id":"https:\/\/www.hotel-lesfauvettes.com\/en\/#website","url":"https:\/\/www.hotel-lesfauvettes.com\/en\/","name":"H\u00f4tel Les Fauvettes - Bar Restaurant le F \u00e0 Saint L\u00e9ger les M\u00e9l\u00e8zes dans les Hautes-Alpes","description":"H\u00f4tel Restaurant aux pieds des Hautes-Alpes","potentialAction":[{"@type":"SearchAction","target":{"@type":"EntryPoint","urlTemplate":"https:\/\/www.hotel-lesfauvettes.com\/en\/?s={search_term_string}"},"query-input":{"@type":"PropertyValueSpecification","valueRequired":true,"valueName":"search_term_string"}}],"inLanguage":"en-US"}]}},"jetpack_sharing_enabled":true,"_links":{"self":[{"href":"https:\/\/www.hotel-lesfauvettes.com\/en\/wp-json\/wp\/v2\/product\/2713","targetHints":{"allow":["GET"]}}],"collection":[{"href":"https:\/\/www.hotel-lesfauvettes.com\/en\/wp-json\/wp\/v2\/product"}],"about":[{"href":"https:\/\/www.hotel-lesfauvettes.com\/en\/wp-json\/wp\/v2\/types\/product"}],"wp:featuredmedia":[{"embeddable":true,"href":"https:\/\/www.hotel-lesfauvettes.com\/en\/wp-json\/wp\/v2\/media\/2714"}],"wp:attachment":[{"href":"https:\/\/www.hotel-lesfauvettes.com\/en\/wp-json\/wp\/v2\/media?parent=2713"}],"wp:term":[{"taxonomy":"product_brand","embeddable":true,"href":"https:\/\/www.hotel-lesfauvettes.com\/en\/wp-json\/wp\/v2\/product_brand?post=2713"},{"taxonomy":"product_cat","embeddable":true,"href":"https:\/\/www.hotel-lesfauvettes.com\/en\/wp-json\/wp\/v2\/product_cat?post=2713"},{"taxonomy":"product_tag","embeddable":true,"href":"https:\/\/www.hotel-lesfauvettes.com\/en\/wp-json\/wp\/v2\/product_tag?post=2713"}],"curies":[{"name":"wp","href":"https:\/\/api.w.org\/{rel}","templated":true}]}}